{"id":2891,"date":"2025-09-25T15:09:56","date_gmt":"2025-09-25T13:09:56","guid":{"rendered":"https:\/\/jessicamangue.com\/version-completa-para-la-web\/"},"modified":"2025-09-26T15:32:07","modified_gmt":"2025-09-26T13:32:07","slug":"version-completa-para-la-web","status":"publish","type":"page","link":"https:\/\/jessicamangue.com\/en\/version-completa-para-la-web\/","title":{"rendered":"Versi\u00f3n completa para la web"},"content":{"rendered":"\t\t<div data-elementor-type=\"wp-page\" data-elementor-id=\"2891\" class=\"elementor elementor-2891 elementor-2830\" data-elementor-post-type=\"page\">\n\t\t\t\t<div class=\"elementor-element elementor-element-9168ec7 elementor-hidden-desktop elementor-hidden-tablet elementor-hidden-mobile e-flex e-con-boxed e-con e-parent\" data-id=\"9168ec7\" data-element_type=\"container\" data-settings=\"{&quot;background_background&quot;:&quot;classic&quot;}\">\n\t\t\t\t\t<div class=\"e-con-inner\">\n\t\t\t\t<div class=\"elementor-element elementor-element-d1f4a34 elementor-widget__width-initial elementor-widget elementor-widget-heading\" data-id=\"d1f4a34\" data-element_type=\"widget\" data-widget_type=\"heading.default\">\n\t\t\t\t<div class=\"elementor-widget-container\">\n\t\t\t\t\t<h1 class=\"elementor-heading-title elementor-size-default\">Versi\u00f3n completa para la web<\/h1>\t\t\t\t<\/div>\n\t\t\t\t<\/div>\n\t\t\t\t\t<\/div>\n\t\t\t\t<\/div>\n\t\t<div class=\"elementor-element elementor-element-0e25716 e-flex e-con-boxed e-con e-parent\" data-id=\"0e25716\" data-element_type=\"container\" data-settings=\"{&quot;background_background&quot;:&quot;classic&quot;}\">\n\t\t\t\t\t<div class=\"e-con-inner\">\n\t\t<div class=\"elementor-element elementor-element-3b17249 e-con-full e-flex e-con e-child\" data-id=\"3b17249\" data-element_type=\"container\">\n\t\t\t\t<div class=\"elementor-element elementor-element-cb641c5 elementor-widget elementor-widget-heading\" data-id=\"cb641c5\" data-element_type=\"widget\" data-widget_type=\"heading.default\">\n\t\t\t\t<div class=\"elementor-widget-container\">\n\t\t\t\t\t<h2 class=\"elementor-heading-title elementor-size-default\">Talleres de Constelaciones Familiares Grupales<\/h2>\t\t\t\t<\/div>\n\t\t\t\t<\/div>\n\t\t\t\t<div class=\"elementor-element elementor-element-394514e elementor-widget elementor-widget-text-editor\" data-id=\"394514e\" data-element_type=\"widget\" data-widget_type=\"text-editor.default\">\n\t\t\t\t<div class=\"elementor-widget-container\">\n\t\t\t\t\t\t\t\t\t<p>Las Constelaciones Familiares son una herramienta terap\u00e9utica creada por Bert Hellinger que nos permite comprender las din\u00e1micas ocultas que influyen en nuestras relaciones, nuestra salud, nuestra prosperidad y en la manera en que nos vinculamos con la vida. Muchas veces repetimos patrones familiares sin darnos cuenta, cargamos con historias que no nos pertenecen o sentimos bloqueos que parecen no tener explicaci\u00f3n. <\/p><p>En un taller grupal, a trav\u00e9s de la representaci\u00f3n con otros participantes, se hace visible lo que estaba oculto. Al mirar con amor y respeto esas din\u00e1micas, se abre un espacio de sanaci\u00f3n y liberaci\u00f3n que nos permite reconectar con la fuerza de la vida y avanzar con mayor ligereza. <\/p>\t\t\t\t\t\t\t\t<\/div>\n\t\t\t\t<\/div>\n\t\t\t\t<\/div>\n\t\t<div class=\"elementor-element elementor-element-48784cf e-con-full e-flex e-con e-child\" data-id=\"48784cf\" data-element_type=\"container\">\n\t\t\t\t<div class=\"elementor-element elementor-element-8dbc7b9 elementor-widget elementor-widget-image\" data-id=\"8dbc7b9\" data-element_type=\"widget\" data-widget_type=\"image.default\">\n\t\t\t\t<div class=\"elementor-widget-container\">\n\t\t\t\t\t\t\t\t\t\t\t\t\t\t\t<img fetchpriority=\"high\" decoding=\"async\" width=\"800\" height=\"534\" src=\"https:\/\/jessicamangue.com\/wp-content\/uploads\/2025\/09\/IMAGEN1-1-1024x683.png\" class=\"attachment-large size-large wp-image-2835\" alt=\"Jessica Mangue - M\u00e9todo FloreSer Chakra\" srcset=\"https:\/\/jessicamangue.com\/wp-content\/uploads\/2025\/09\/IMAGEN1-1-1024x683.png 1024w, https:\/\/jessicamangue.com\/wp-content\/uploads\/2025\/09\/IMAGEN1-1-300x200.png 300w, https:\/\/jessicamangue.com\/wp-content\/uploads\/2025\/09\/IMAGEN1-1-768x512.png 768w, https:\/\/jessicamangue.com\/wp-content\/uploads\/2025\/09\/IMAGEN1-1.png 1536w\" sizes=\"(max-width: 800px) 100vw, 800px\" \/>\t\t\t\t\t\t\t\t\t\t\t\t\t\t\t<\/div>\n\t\t\t\t<\/div>\n\t\t\t\t<\/div>\n\t\t\t\t\t<\/div>\n\t\t\t\t<\/div>\n\t\t<div class=\"elementor-element elementor-element-cf2522d e-flex e-con-boxed e-con e-parent\" data-id=\"cf2522d\" data-element_type=\"container\">\n\t\t\t\t\t<div class=\"e-con-inner\">\n\t\t<div class=\"elementor-element elementor-element-c94abc9 e-con-full e-flex e-con e-child\" data-id=\"c94abc9\" data-element_type=\"container\">\n\t\t\t\t<div class=\"elementor-element elementor-element-a5da2d5 elementor-widget elementor-widget-heading\" data-id=\"a5da2d5\" data-element_type=\"widget\" data-widget_type=\"heading.default\">\n\t\t\t\t<div class=\"elementor-widget-container\">\n\t\t\t\t\t<h2 class=\"elementor-heading-title elementor-size-default\">\u00bfQu\u00e9 beneficios puedes obtener?<\/h2>\t\t\t\t<\/div>\n\t\t\t\t<\/div>\n\t\t\t\t<div class=\"elementor-element elementor-element-2cfb2d8 elementor-widget elementor-widget-text-editor\" data-id=\"2cfb2d8\" data-element_type=\"widget\" data-widget_type=\"text-editor.default\">\n\t\t\t\t<div class=\"elementor-widget-container\">\n\t\t\t\t\t\t\t\t\t<p>\u2714 Reconocer y transformar patrones repetitivos en tus relaciones.<br>\u2714 Comprender el origen de bloqueos emocionales, laborales o de pareja.<br>\u2714 Sanar v\u00ednculos familiares desde un lugar de respeto y amor.<br>\u2714 Sentir mayor paz interior y claridad para tomar decisiones.<br>\u2714 Abrir la posibilidad de un cambio profundo en tu vida y en la de tu familia.<\/p>\t\t\t\t\t\t\t\t<\/div>\n\t\t\t\t<\/div>\n\t\t\t\t<div class=\"elementor-element elementor-element-d2981ab elementor-widget elementor-widget-heading\" data-id=\"d2981ab\" data-element_type=\"widget\" data-widget_type=\"heading.default\">\n\t\t\t\t<div class=\"elementor-widget-container\">\n\t\t\t\t\t<h2 class=\"elementor-heading-title elementor-size-default\">\u00bfC\u00f3mo funciona un taller grupal?<\/h2>\t\t\t\t<\/div>\n\t\t\t\t<\/div>\n\t\t\t\t<div class=\"elementor-element elementor-element-f87d3a0 elementor-widget elementor-widget-text-editor\" data-id=\"f87d3a0\" data-element_type=\"widget\" data-widget_type=\"text-editor.default\">\n\t\t\t\t<div class=\"elementor-widget-container\">\n\t\t\t\t\t\t\t\t\t<ul><li>Un participante plantea un tema que desea trabajar.<\/li><li>Con la gu\u00eda de la facilitadora, se eligen representantes entre los asistentes.<\/li><li>A trav\u00e9s de la din\u00e1mica, se revela el origen del conflicto y se trabaja hacia la soluci\u00f3n.<\/li><li>El resto del grupo tambi\u00e9n recibe sanaci\u00f3n, ya que al participar se conecta con resonancias propias y con el inconsciente colectivo.<\/li><\/ul>\t\t\t\t\t\t\t\t<\/div>\n\t\t\t\t<\/div>\n\t\t\t\t<div class=\"elementor-element elementor-element-e99c438 elementor-widget elementor-widget-heading\" data-id=\"e99c438\" data-element_type=\"widget\" data-widget_type=\"heading.default\">\n\t\t\t\t<div class=\"elementor-widget-container\">\n\t\t\t\t\t<h2 class=\"elementor-heading-title elementor-size-default\">Fechas y horarios<\/h2>\t\t\t\t<\/div>\n\t\t\t\t<\/div>\n\t\t\t\t<div class=\"elementor-element elementor-element-aeaa2d7 elementor-widget elementor-widget-text-editor\" data-id=\"aeaa2d7\" data-element_type=\"widget\" data-widget_type=\"text-editor.default\">\n\t\t\t\t<div class=\"elementor-widget-container\">\n\t\t\t\t\t\t\t\t\t<p> \ud83d\uddd3 Todos los domingos y lunes, de 10:00 a 14:00<br>\u23f8 Pausa de integraci\u00f3n a las 12:00<br>\ud83d\udcc5 Inicio: 29 de septiembre<\/p>\t\t\t\t\t\t\t\t<\/div>\n\t\t\t\t<\/div>\n\t\t\t\t<div class=\"elementor-element elementor-element-0e7b709 elementor-widget elementor-widget-heading\" data-id=\"0e7b709\" data-element_type=\"widget\" data-widget_type=\"heading.default\">\n\t\t\t\t<div class=\"elementor-widget-container\">\n\t\t\t\t\t<h2 class=\"elementor-heading-title elementor-size-default\">Precios y condiciones<\/h2>\t\t\t\t<\/div>\n\t\t\t\t<\/div>\n\t\t\t\t<div class=\"elementor-element elementor-element-7a93e3b elementor-widget elementor-widget-text-editor\" data-id=\"7a93e3b\" data-element_type=\"widget\" data-widget_type=\"text-editor.default\">\n\t\t\t\t<div class=\"elementor-widget-container\">\n\t\t\t\t\t\t\t\t\t<p>\ud83d\udcb6 70 \u20ac \u2013 Para quienes constelan (plantean su propio tema).<br>\ud83d\udcb6 35 \u20ac \u2013 Para quienes acompa\u00f1an (participan como representantes u observadores).<\/p><p>&#8211; Para que un taller pueda realizarse se necesitan al menos 6 o 7 personas que constelen y un m\u00ednimo de 5 acompa\u00f1antes.<br><br><\/p>\t\t\t\t\t\t\t\t<\/div>\n\t\t\t\t<\/div>\n\t\t\t\t<\/div>\n\t\t<div class=\"elementor-element elementor-element-80d995e e-con-full e-flex e-con e-child\" data-id=\"80d995e\" data-element_type=\"container\">\n\t\t\t\t<div class=\"elementor-element elementor-element-8cf022e elementor-widget elementor-widget-image\" data-id=\"8cf022e\" data-element_type=\"widget\" data-widget_type=\"image.default\">\n\t\t\t\t<div class=\"elementor-widget-container\">\n\t\t\t\t\t\t\t\t\t\t\t\t\t\t\t<img decoding=\"async\" width=\"512\" height=\"600\" src=\"https:\/\/jessicamangue.com\/wp-content\/uploads\/2025\/09\/admin-ajax.jpeg\" class=\"attachment-large size-large wp-image-2849\" alt=\"\" srcset=\"https:\/\/jessicamangue.com\/wp-content\/uploads\/2025\/09\/admin-ajax.jpeg 512w, https:\/\/jessicamangue.com\/wp-content\/uploads\/2025\/09\/admin-ajax-256x300.jpeg 256w\" sizes=\"(max-width: 512px) 100vw, 512px\" \/>\t\t\t\t\t\t\t\t\t\t\t\t\t\t\t<\/div>\n\t\t\t\t<\/div>\n\t\t\t\t<div class=\"elementor-element elementor-element-b135688 elementor-widget elementor-widget-heading\" data-id=\"b135688\" data-element_type=\"widget\" data-widget_type=\"heading.default\">\n\t\t\t\t<div class=\"elementor-widget-container\">\n\t\t\t\t\t<h2 class=\"elementor-heading-title elementor-size-default\">Facilitadora<\/h2>\t\t\t\t<\/div>\n\t\t\t\t<\/div>\n\t\t\t\t<div class=\"elementor-element elementor-element-e01e69b elementor-widget elementor-widget-text-editor\" data-id=\"e01e69b\" data-element_type=\"widget\" data-widget_type=\"text-editor.default\">\n\t\t\t\t<div class=\"elementor-widget-container\">\n\t\t\t\t\t\t\t\t\t<p>Fabiana Balduccio \u2013 Terapeuta y facilitadora de Constelaciones Familiares.<br>Formada en el Instituto Valenciano de Terapias Naturales, siguiendo las ense\u00f1anzas de Bert Hellinger y con docentes preparados en la Hellinger Schule.<br>Fabiana ofrece un enfoque integral y moderno, acompa\u00f1ando a las personas en su proceso de vida para alcanzar un equilibrio entre alma, cuerpo y mente. Su visi\u00f3n es crear un espacio de confianza y transformaci\u00f3n donde cada persona pueda descubrir su verdadero potencial. <\/p>\t\t\t\t\t\t\t\t<\/div>\n\t\t\t\t<\/div>\n\t\t\t\t<div class=\"elementor-element elementor-element-a4c4b3e elementor-widget elementor-widget-text-editor\" data-id=\"a4c4b3e\" data-element_type=\"widget\" data-widget_type=\"text-editor.default\">\n\t\t\t\t<div class=\"elementor-widget-container\">\n\t\t\t\t\t\t\t\t\t<p><em>\u201cPrimero el orden, luego el amor\u201d \u2013 Bert Hellinger<\/em><\/p>\t\t\t\t\t\t\t\t<\/div>\n\t\t\t\t<\/div>\n\t\t\t\t<\/div>\n\t\t\t\t\t<\/div>\n\t\t\t\t<\/div>\n\t\t\t\t<\/div>\n\t\t","protected":false},"excerpt":{"rendered":"<p>Versi\u00f3n completa para la web Talleres de Constelaciones Familiares Grupales Las Constelaciones Familiares son una herramienta terap\u00e9utica creada por Bert Hellinger que nos permite comprender las din\u00e1micas ocultas que influyen en nuestras relaciones, nuestra salud, nuestra prosperidad y en la manera en que nos vinculamos con la vida. Muchas veces repetimos patrones familiares sin darnos [&hellip;]<\/p>\n","protected":false},"author":4,"featured_media":0,"parent":0,"menu_order":0,"comment_status":"closed","ping_status":"closed","template":"","meta":{"footnotes":""},"class_list":["post-2891","page","type-page","status-publish","hentry"],"_links":{"self":[{"href":"https:\/\/jessicamangue.com\/en\/wp-json\/wp\/v2\/pages\/2891","targetHints":{"allow":["GET"]}}],"collection":[{"href":"https:\/\/jessicamangue.com\/en\/wp-json\/wp\/v2\/pages"}],"about":[{"href":"https:\/\/jessicamangue.com\/en\/wp-json\/wp\/v2\/types\/page"}],"author":[{"embeddable":true,"href":"https:\/\/jessicamangue.com\/en\/wp-json\/wp\/v2\/users\/4"}],"replies":[{"embeddable":true,"href":"https:\/\/jessicamangue.com\/en\/wp-json\/wp\/v2\/comments?post=2891"}],"version-history":[{"count":3,"href":"https:\/\/jessicamangue.com\/en\/wp-json\/wp\/v2\/pages\/2891\/revisions"}],"predecessor-version":[{"id":2964,"href":"https:\/\/jessicamangue.com\/en\/wp-json\/wp\/v2\/pages\/2891\/revisions\/2964"}],"wp:attachment":[{"href":"https:\/\/jessicamangue.com\/en\/wp-json\/wp\/v2\/media?parent=2891"}],"curies":[{"name":"wp","href":"https:\/\/api.w.org\/{rel}","templated":true}]}}